{"id":21,"date":"2021-07-06T21:36:20","date_gmt":"2021-07-06T19:36:20","guid":{"rendered":"http:\/\/batuvpediker.cz\/?page_id=21"},"modified":"2021-11-04T22:20:02","modified_gmt":"2021-11-04T21:20:02","slug":"o-vystave","status":"publish","type":"page","link":"https:\/\/batuvpediker.cz\/en\/o-vystave\/","title":{"rendered":"About the exhibition Ba\u0165a\u2019s Pedicurist"},"content":{"rendered":"<div data-elementor-type=\"wp-page\" data-elementor-id=\"21\" class=\"elementor elementor-21\">\n\t\t\t\t\t\t\t\t\t<section class=\"elementor-section elementor-top-section elementor-element elementor-element-7f9e271 elementor-section-boxed elementor-section-height-default elementor-section-height-default\" data-id=\"7f9e271\" data-element_type=\"section\">\n\t\t\t\t\t\t<div class=\"elementor-container elementor-column-gap-default\">\n\t\t\t\t\t<div class=\"elementor-column elementor-col-50 elementor-top-column elementor-element elementor-element-77b14db\" data-id=\"77b14db\" data-element_type=\"column\">\n\t\t\t<div class=\"elementor-widget-wrap elementor-element-populated\">\n\t\t\t\t\t\t\t\t<div class=\"elementor-element elementor-element-f7542c8 elementor-widget elementor-widget-heading\" data-id=\"f7542c8\" data-element_type=\"widget\" data-widget_type=\"heading.default\">\n\t\t\t\t<div class=\"elementor-widget-container\">\n\t\t\t<h6 class=\"elementor-heading-title elementor-size-default\">Ba\u0165a's first chiropodist<\/h6>\t\t<\/div>\n\t\t\t\t<\/div>\n\t\t\t\t<div class=\"elementor-element elementor-element-991e0c3 elementor-widget elementor-widget-heading\" data-id=\"991e0c3\" data-element_type=\"widget\" data-widget_type=\"heading.default\">\n\t\t\t\t<div class=\"elementor-widget-container\">\n\t\t\t<h1 class=\"elementor-heading-title elementor-size-default\">About the exhibition Ba\u0165a\u2019s Pedicurist<\/h1>\t\t<\/div>\n\t\t\t\t<\/div>\n\t\t\t\t<div class=\"elementor-element elementor-element-d7cb357 elementor-widget elementor-widget-heading\" data-id=\"d7cb357\" data-element_type=\"widget\" data-widget_type=\"heading.default\">\n\t\t\t\t<div class=\"elementor-widget-container\">\n\t\t\t<h4 class=\"elementor-heading-title elementor-size-default\">\u201cNot even quality shoes can remedy what people have been neglecting\u201d these are the words of Tom\u00e1\u0161 Ba\u0165a, in which he clearly voiced the importance of foot care in everybody\u2019s life. <\/h4>\t\t<\/div>\n\t\t\t\t<\/div>\n\t\t\t\t<div class=\"elementor-element elementor-element-27cc506 elementor-widget elementor-widget-text-editor\" data-id=\"27cc506\" data-element_type=\"widget\" data-widget_type=\"text-editor.default\">\n\t\t\t\t<div class=\"elementor-widget-container\">\n\t\t\t\t\t\t\t<p>Few months after having been introduced into the stores, pedicure became an integral part of customer service offered by the company Ba\u0165a in its stores.<\/p><p>Pedicure was seen not only as a part of care of one\u2019s health, but also as a certain symbol of modern lifestyle and progressiveness. The company Ba\u0165a managed to communicate effectively with its customers. It successfully offered this service also to rural customers who did not desire the modern lifestyle but understood how useful this procedure is both for everyday life and for farm work.<\/p><p>Pedicure improved overall foot health, provided foot relief and thus also the shoes themselves rendered better service to the customers.<\/p><p>In addition to professional treatment, the company Ba\u0165a offered also a range of daily foot care products. Regular foot care was regarded a routine such as toothbrushing or bathing. To this end, the company Ba\u0165a offered a variety of foot care cosmetic products and aids; the cosmetic products included creams, powders, scented waxes and refreshing eau de cologne, while home foot care products included massage gloves and rubber massage brushes. The customer was advised to undergo treatments requiring sharp tools at a pedicurist in order to avoid the risk of injury.<\/p><p>The origin story behind the pedicure department was the same as with most of the department and branches of the company. Tom\u00e1\u0161 Ba\u0165a knew that the shoe quality is only one of the factors affecting foot health and that if people do not learn to take care of their feet, no shoe, no matter how good it is, will be good enough to ensure comfortable walking.<\/p><p>The beginnings of the existence of this department are associated also with another character trait of Tom\u00e1\u0161 Ba\u0165a \u2013 he sought how to put to good use the skills of competent people. Therefore, when he met MUC. Franti\u0161ek Kocourek in 1928, he allegedly said:<i>\u201cWell, what can we do with you being half a doctor, you could start the foot care department in our company.\u201d<\/i> We will probably never know whether this story actually took place or is only passed on in Franti\u0161ek Kocourek\u2019s family.<\/p><p>The Thomas Bata Foundation has been recently contacted by Jakub Nerad\u00edlek, the great-grandson of MUC. Franti\u0161ek Kocourek. He discovered a unique collection mapping his great-grandfather\u2019s professional life in the company Ba\u0165a as well as an overview of pedicure development and pedicure training courses.<\/p><p>The collection contains rarities such as signature cards of famous people of the First Czechoslovak Republic who underwent pedicure treatment by MUC. Kocourek. We can find here the signatures of Old\u0159ich Nov\u00fd, Ladislav Boh\u00e1\u010d, Nata\u0161a Golov\u00e1, Adina Mandlov\u00e1 or L\u00edda Baarov\u00e1. On multiple occasions, he also provided pedicure to Tom\u00e1\u0161 Ba\u0165a.<\/p><p>Apart from detailed digitalization of the archives of MUC. Franti\u0161ek Kocourek, we have also decided to prepare an exhibition presenting this unique story that links the personal life of one man with the development of a separate department of the company Ba\u0165a.<\/p>\t\t\t\t\t\t<\/div>\n\t\t\t\t<\/div>\n\t\t\t\t\t<\/div>\n\t\t<\/div>\n\t\t\t\t<div class=\"elementor-column elementor-col-50 elementor-top-column elementor-element elementor-element-26be70d\" data-id=\"26be70d\" data-element_type=\"column\">\n\t\t\t<div class=\"elementor-widget-wrap elementor-element-populated\">\n\t\t\t\t\t\t\t\t<div class=\"elementor-element elementor-element-6847bb3 elementor-widget elementor-widget-image\" data-id=\"6847bb3\" data-element_type=\"widget\" data-widget_type=\"image.default\">\n\t\t\t\t<div class=\"elementor-widget-container\">\n\t\t\t\t\t\t\t\t\t\t\t\t\t\t\t<img loading=\"lazy\" decoding=\"async\" width=\"836\" height=\"901\" src=\"https:\/\/batuvpediker.cz\/wp-content\/uploads\/2021\/07\/Group-27.png\" class=\"attachment-full size-full wp-image-301\" alt=\"\" srcset=\"https:\/\/batuvpediker.cz\/wp-content\/uploads\/2021\/07\/Group-27.png 836w, https:\/\/batuvpediker.cz\/wp-content\/uploads\/2021\/07\/Group-27-278x300.png 278w, https:\/\/batuvpediker.cz\/wp-content\/uploads\/2021\/07\/Group-27-768x828.png 768w\" sizes=\"auto, (max-width: 836px) 100vw, 836px\" \/>\t\t\t\t\t\t\t\t\t\t\t\t\t\t\t<\/div>\n\t\t\t\t<\/div>\n\t\t\t\t<div class=\"elementor-element elementor-element-4ff3d69 elementor-widget elementor-widget-text-editor\" data-id=\"4ff3d69\" data-element_type=\"widget\" data-widget_type=\"text-editor.default\">\n\t\t\t\t<div class=\"elementor-widget-container\">\n\t\t\t\t\t\t\t<p>The exhibition <i>Ba\u0165a's chiropodist<\/i> was prepared in cooperation with the Museum of South-East Moravia and the Town of Zl\u00edn.<\/p><p>It contains a total of 16 exhibition panels providing information on the history of pedicure in Czechoslovakia and development of this occupation in the company Ba\u0165a.  The visitors will be acquainted with individual procedures forming part of professional foot care. And last but not least, they will have the opportunity to learn the fascinating story of MUC. Franti\u0161ek Kocourek.<\/p><p>In view of the COVID-19 pandemic measures prevented many visitors from seeing the exhibition in person, we have decided to prepare also an online exhibition.<\/p><p>We wish you a pleasant experience.<\/p><p>For the entire implementation team<\/p><p>Gabriela Kon\u010dit\u00edkov\u00e1<\/p><p>\u00a0<\/p><p>Authors: Gabriela Konc\u030citi\u0301kova\u0301, Hana Kuslova\u0301<\/p><p>Institutions: The Thomas Bata Foundation, Museum of South-East Moravia<\/p><p>Partners: The Town of Zl\u00edn<\/p><p>Exhibition graphic design: Andrea Koc\u030cicova\u0301<\/p><p>Web graphic design: Vladim\u00edr Par\u00edzek<\/p><p>Translation: Kate\u0159ina Novotn\u00e1, Rosemarie Bata Blyth<\/p><p>\u00a0<\/p><p>We would like to extend our thanks to the family of MUC. Franti\u0161ek Kocourek and namely to his great-grandson Jakub Nerad\u00edlek.<\/p>\t\t\t\t\t\t<\/div>\n\t\t\t\t<\/div>\n\t\t\t\t\t<\/div>\n\t\t<\/div>\n\t\t\t\t\t\t\t<\/div>\n\t\t<\/section>\n\t\t\t\t\t\t\t<\/div>","protected":false},"excerpt":{"rendered":"<p>Ba\u0165\u016fv pedik\u00e9r O v\u00fdstav\u011b \u201eKvalita obuvi nedok\u00e1\u017ee zcela nahradit to, co \u010dlov\u011bk zanedb\u00e1v\u00e1,\u201c to jsou slova Tom\u00e1\u0161e Bati, kter\u00fdmi jasn\u011b vyj\u00e1d\u0159il sv\u016fj n\u00e1zor na d\u016fle\u017eitost p\u00e9\u010de o nohy v\u00a0\u017eivot\u011b ka\u017ed\u00e9ho \u010dlov\u011bka. Pedik\u00fara se b\u011bhem n\u011bkolika m\u00e1lo m\u011bs\u00edc\u016f po sv\u00e9m zaveden\u00ed stala ned\u00edlnou sou\u010d\u00e1st\u00ed slu\u017eby z\u00e1kazn\u00edkovi, kterou firma Ba\u0165a na sv\u00fdch prodejn\u00e1ch nab\u00edzela. Pedik\u00fara nebyla vn\u00edm\u00e1na [&hellip;]<\/p>","protected":false},"author":1,"featured_media":0,"parent":0,"menu_order":0,"comment_status":"closed","ping_status":"closed","template":"elementor_header_footer","meta":{"footnotes":""},"class_list":["post-21","page","type-page","status-publish","hentry"],"yoast_head":"<!-- This site is optimized with the Yoast SEO plugin v21.1 - https:\/\/yoast.com\/wordpress\/plugins\/seo\/ -->\n<title>O v\u00fdstav\u011b - Ba\u0165\u016fv pedik\u00e9r<\/title>\n<meta name=\"description\" content=\"V\u00fdstava materi\u00e1l\u016f z poz\u016fstalosti prvn\u00edho ba\u0165ovsk\u00e9ho pedik\u00e9ra Franti\u0161ka Kocourka.\" \/>\n<meta name=\"robots\" content=\"index, follow, max-snippet:-1, max-image-preview:large, max-video-preview:-1\" \/>\n<link rel=\"canonical\" href=\"https:\/\/batuvpediker.cz\/en\/o-vystave\/\" \/>\n<meta property=\"og:locale\" content=\"en_US\" \/>\n<meta property=\"og:type\" content=\"article\" \/>\n<meta property=\"og:title\" content=\"O v\u00fdstav\u011b - Ba\u0165\u016fv pedik\u00e9r\" \/>\n<meta property=\"og:description\" content=\"V\u00fdstava materi\u00e1l\u016f z poz\u016fstalosti prvn\u00edho ba\u0165ovsk\u00e9ho pedik\u00e9ra Franti\u0161ka Kocourka.\" \/>\n<meta property=\"og:url\" content=\"https:\/\/batuvpediker.cz\/en\/o-vystave\/\" \/>\n<meta property=\"og:site_name\" content=\"Ba\u0165\u016fv pedik\u00e9r\" \/>\n<meta property=\"article:modified_time\" content=\"2021-11-04T21:20:02+00:00\" \/>\n<meta property=\"og:image\" content=\"https:\/\/batuvpediker.cz\/wp-content\/uploads\/2021\/07\/Group-27.png\" \/>\n<meta name=\"twitter:card\" content=\"summary_large_image\" \/>\n<meta name=\"twitter:label1\" content=\"Est. reading time\" \/>\n\t<meta name=\"twitter:data1\" content=\"3 minutes\" \/>\n<script type=\"application\/ld+json\" class=\"yoast-schema-graph\">{\"@context\":\"https:\/\/schema.org\",\"@graph\":[{\"@type\":\"WebPage\",\"@id\":\"https:\/\/batuvpediker.cz\/o-vystave\/\",\"url\":\"https:\/\/batuvpediker.cz\/o-vystave\/\",\"name\":\"O v\u00fdstav\u011b - Ba\u0165\u016fv pedik\u00e9r\",\"isPartOf\":{\"@id\":\"https:\/\/batuvpediker.cz\/#website\"},\"datePublished\":\"2021-07-06T19:36:20+00:00\",\"dateModified\":\"2021-11-04T21:20:02+00:00\",\"description\":\"V\u00fdstava materi\u00e1l\u016f z poz\u016fstalosti prvn\u00edho ba\u0165ovsk\u00e9ho pedik\u00e9ra Franti\u0161ka Kocourka.\",\"breadcrumb\":{\"@id\":\"https:\/\/batuvpediker.cz\/o-vystave\/#breadcrumb\"},\"inLanguage\":\"en-US\",\"potentialAction\":[{\"@type\":\"ReadAction\",\"target\":[\"https:\/\/batuvpediker.cz\/o-vystave\/\"]}]},{\"@type\":\"BreadcrumbList\",\"@id\":\"https:\/\/batuvpediker.cz\/o-vystave\/#breadcrumb\",\"itemListElement\":[{\"@type\":\"ListItem\",\"position\":1,\"name\":\"Dom\u016f\",\"item\":\"https:\/\/batuvpediker.cz\/\"},{\"@type\":\"ListItem\",\"position\":2,\"name\":\"O v\u00fdstav\u011b\"}]},{\"@type\":\"WebSite\",\"@id\":\"https:\/\/batuvpediker.cz\/#website\",\"url\":\"https:\/\/batuvpediker.cz\/\",\"name\":\"Ba\u0165\u016fv pedik\u00e9r\",\"description\":\"Prvn\u00ed ba\u0165ovsk\u00fd pedik\u00e9r\",\"potentialAction\":[{\"@type\":\"SearchAction\",\"target\":{\"@type\":\"EntryPoint\",\"urlTemplate\":\"https:\/\/batuvpediker.cz\/?s={search_term_string}\"},\"query-input\":\"required name=search_term_string\"}],\"inLanguage\":\"en-US\"}]}<\/script>\n<!-- \/ Yoast SEO plugin. -->","yoast_head_json":{"title":"O v\u00fdstav\u011b - Ba\u0165\u016fv pedik\u00e9r","description":"V\u00fdstava materi\u00e1l\u016f z poz\u016fstalosti prvn\u00edho ba\u0165ovsk\u00e9ho pedik\u00e9ra Franti\u0161ka Kocourka.","robots":{"index":"index","follow":"follow","max-snippet":"max-snippet:-1","max-image-preview":"max-image-preview:large","max-video-preview":"max-video-preview:-1"},"canonical":"https:\/\/batuvpediker.cz\/en\/o-vystave\/","og_locale":"en_US","og_type":"article","og_title":"O v\u00fdstav\u011b - Ba\u0165\u016fv pedik\u00e9r","og_description":"V\u00fdstava materi\u00e1l\u016f z poz\u016fstalosti prvn\u00edho ba\u0165ovsk\u00e9ho pedik\u00e9ra Franti\u0161ka Kocourka.","og_url":"https:\/\/batuvpediker.cz\/en\/o-vystave\/","og_site_name":"Ba\u0165\u016fv pedik\u00e9r","article_modified_time":"2021-11-04T21:20:02+00:00","og_image":[{"url":"https:\/\/batuvpediker.cz\/wp-content\/uploads\/2021\/07\/Group-27.png"}],"twitter_card":"summary_large_image","twitter_misc":{"Est. reading time":"3 minutes"},"schema":{"@context":"https:\/\/schema.org","@graph":[{"@type":"WebPage","@id":"https:\/\/batuvpediker.cz\/o-vystave\/","url":"https:\/\/batuvpediker.cz\/o-vystave\/","name":"O v\u00fdstav\u011b - Ba\u0165\u016fv pedik\u00e9r","isPartOf":{"@id":"https:\/\/batuvpediker.cz\/#website"},"datePublished":"2021-07-06T19:36:20+00:00","dateModified":"2021-11-04T21:20:02+00:00","description":"V\u00fdstava materi\u00e1l\u016f z poz\u016fstalosti prvn\u00edho ba\u0165ovsk\u00e9ho pedik\u00e9ra Franti\u0161ka Kocourka.","breadcrumb":{"@id":"https:\/\/batuvpediker.cz\/o-vystave\/#breadcrumb"},"inLanguage":"en-US","potentialAction":[{"@type":"ReadAction","target":["https:\/\/batuvpediker.cz\/o-vystave\/"]}]},{"@type":"BreadcrumbList","@id":"https:\/\/batuvpediker.cz\/o-vystave\/#breadcrumb","itemListElement":[{"@type":"ListItem","position":1,"name":"Dom\u016f","item":"https:\/\/batuvpediker.cz\/"},{"@type":"ListItem","position":2,"name":"O v\u00fdstav\u011b"}]},{"@type":"WebSite","@id":"https:\/\/batuvpediker.cz\/#website","url":"https:\/\/batuvpediker.cz\/","name":"Ba\u0165\u016fv pedik\u00e9r","description":"Prvn\u00ed ba\u0165ovsk\u00fd pedik\u00e9r","potentialAction":[{"@type":"SearchAction","target":{"@type":"EntryPoint","urlTemplate":"https:\/\/batuvpediker.cz\/?s={search_term_string}"},"query-input":"required name=search_term_string"}],"inLanguage":"en-US"}]}},"_links":{"self":[{"href":"https:\/\/batuvpediker.cz\/en\/wp-json\/wp\/v2\/pages\/21","targetHints":{"allow":["GET"]}}],"collection":[{"href":"https:\/\/batuvpediker.cz\/en\/wp-json\/wp\/v2\/pages"}],"about":[{"href":"https:\/\/batuvpediker.cz\/en\/wp-json\/wp\/v2\/types\/page"}],"author":[{"embeddable":true,"href":"https:\/\/batuvpediker.cz\/en\/wp-json\/wp\/v2\/users\/1"}],"replies":[{"embeddable":true,"href":"https:\/\/batuvpediker.cz\/en\/wp-json\/wp\/v2\/comments?post=21"}],"version-history":[{"count":7,"href":"https:\/\/batuvpediker.cz\/en\/wp-json\/wp\/v2\/pages\/21\/revisions"}],"predecessor-version":[{"id":720,"href":"https:\/\/batuvpediker.cz\/en\/wp-json\/wp\/v2\/pages\/21\/revisions\/720"}],"wp:attachment":[{"href":"https:\/\/batuvpediker.cz\/en\/wp-json\/wp\/v2\/media?parent=21"}],"curies":[{"name":"wp","href":"https:\/\/api.w.org\/{rel}","templated":true}]}}